{"id":119,"date":"2023-09-20T13:52:39","date_gmt":"2023-09-20T11:52:39","guid":{"rendered":"https:\/\/knoll-engineering.de\/?page_id=119"},"modified":"2024-09-05T13:17:06","modified_gmt":"2024-09-05T11:17:06","slug":"impressum","status":"publish","type":"page","link":"https:\/\/knoll-engineering.de\/en\/impressum\/","title":{"rendered":"Imprint"},"content":{"rendered":"<div data-elementor-type=\"wp-page\" data-elementor-id=\"119\" class=\"elementor elementor-119\" data-elementor-post-type=\"page\">\n\t\t\t\t<div class=\"elementor-element elementor-element-7c236fc e-flex e-con-boxed e-con e-parent\" data-id=\"7c236fc\" data-element_type=\"container\" data-e-type=\"container\">\n\t\t\t\t\t<div class=\"e-con-inner\">\n\t\t\t\t<div class=\"elementor-element elementor-element-bb6e275 elementor-widget elementor-widget-heading\" data-id=\"bb6e275\" data-element_type=\"widget\" data-e-type=\"widget\" data-no-translation=\"\" data-widget_type=\"heading.default\">\n\t\t\t\t<div class=\"elementor-widget-container\">\n\t\t\t\t\t<style>.elementor-element-bb6e275{display:none !important}<\/style>\t\t\t\t<\/div>\n\t\t\t\t<\/div>\n\t\t\t\t<div class=\"elementor-element elementor-element-9aecf53 elementor-widget elementor-widget-heading\" data-id=\"9aecf53\" data-element_type=\"widget\" data-e-type=\"widget\" data-no-translation=\"\" data-widget_type=\"heading.default\">\n\t\t\t\t<div class=\"elementor-widget-container\">\n\t\t\t\t\t<h1 class=\"elementor-heading-title elementor-size-default\">IMPRESSUM \/ PROVIDER IDENTIFICATION \u00a75 TMG<\/h1>\t\t\t\t<\/div>\n\t\t\t\t<\/div>\n\t\t\t\t<div class=\"elementor-element elementor-element-2486e1c elementor-widget-divider--view-line elementor-widget elementor-widget-divider\" data-id=\"2486e1c\" data-element_type=\"widget\" data-e-type=\"widget\" data-widget_type=\"divider.default\">\n\t\t\t\t<div class=\"elementor-widget-container\">\n\t\t\t\t\t\t\t<div class=\"elementor-divider\">\n\t\t\t<span class=\"elementor-divider-separator\">\n\t\t\t\t\t\t<\/span>\n\t\t<\/div>\n\t\t\t\t\t\t<\/div>\n\t\t\t\t<\/div>\n\t\t\t\t<div class=\"elementor-element elementor-element-e65f642 elementor-widget elementor-widget-heading\" data-id=\"e65f642\" data-element_type=\"widget\" data-e-type=\"widget\" data-widget_type=\"heading.default\">\n\t\t\t\t<div class=\"elementor-widget-container\">\n\t\t\t\t\t<h2 class=\"elementor-heading-title elementor-size-default\">Kontakt \/ Adresse<\/h2>\t\t\t\t<\/div>\n\t\t\t\t<\/div>\n\t\t\t\t<div class=\"elementor-element elementor-element-30dfc46 elementor-widget elementor-widget-text-editor\" data-id=\"30dfc46\" data-element_type=\"widget\" data-e-type=\"widget\" data-widget_type=\"text-editor.default\">\n\t\t\t\t<div class=\"elementor-widget-container\">\n\t\t\t\t\t\t\t\t\t<div class=\"clear\"><span style=\"color: #dc3738;\"><strong>NEU seit 16.08.2022:<\/strong><\/span><br \/>Meine hier genannte\u00a0 Freiberuflichkeit wurde per Umwandlungssteuergesetz (UmwStG) am 16.08.2022 in die KEnC Ventures GmbH \u201eeingebracht\u201c.<br \/>D.h. mit anderen Worten, diese Freiberuflichkeit existiert NICHT mehr \u2013 die\u00a0<strong>offizielle Rechtsnachfolgerin<\/strong>\u00a0ist die Kapitalgesellschaft KEnC Ventures GmbH.<br \/>Weil ich\u00a0<strong>nach mehr als 22 Jahren Selbstst\u00e4ndigkeit<\/strong>, ausgerechnet die Website, mit der ich bekannt geworden bin, und unter der mich sehr viele Gesch\u00e4ftspartner kennen, NICHT &#8222;mal eben abschalten&#8220; kann, habe ich diese Website weiterhin online belassen.<br \/>Rufnummern und Anschrift sind unver\u00e4ndert korrekt &#8211; jedoch bitte ich im Rahmen der IMPRESSUM PFLICHT die neue Rechtsform und neue VATIN zu beachten:<\/div><div class=\"clear\">\u00a0<\/div><div><p><strong>KEnC Ventures GmbH<br \/><\/strong>Landsbergalle 2<br \/>46342 Velen<br \/>Deutschland \/ Germany<br \/>Tel:\u00a0\u00a0\u00a0\u00a0\u00a0 +49 8167 \/ 69 61 -20<br \/>Fax:\u00a0\u00a0\u00a0\u00a0 +49 8167 \/ 69 61 -21<br \/>Mob:\u00a0\u00a0 +49 179 \/ 62 16 \u2013 781<\/p><p>Web:\u00a0<a href=\"https:\/\/kencventures.com\/\" target=\"_blank\" rel=\"noopener\">https:\/\/kencventures.com<\/a><br \/>Mail:\u00a0<a href=\"mailto:info@kencventures.com\">info@kencventures.com<\/a><\/p><p>Registergericht: Amtsgericht M\u00fcnchen, HRB 277633<\/p><p>Gesch\u00e4ftsf\u00fchrer: Ralf Gerald J\u00fcrgen Knoll<\/p><p><img decoding=\"async\" class=\"alignnone size-full wp-image-125\" src=\"https:\/\/knoll-engineering.de\/wp-content\/uploads\/2023\/09\/knoll-engineering-flagEU.webp\" alt=\"\" width=\"96\" height=\"64\" srcset=\"https:\/\/knoll-engineering.de\/wp-content\/uploads\/2023\/09\/knoll-engineering-flagEU.webp 96w, https:\/\/knoll-engineering.de\/wp-content\/uploads\/2023\/09\/knoll-engineering-flagEU-18x12.webp 18w\" sizes=\"(max-width: 96px) 100vw, 96px\" \/><\/p><p>VATIN \/ VAT Reg No \/ VAT no \/ UID \/ USt.-IdNr.: <strong>DE354538621<\/strong><\/p><p>Weil ich Beratungsleistungen durch vorgenannte GmbH nur noch eingeschr\u00e4nkt erbringe, falle ich zudem unter die <strong>Kleinunternehmer-Regelung \u00a719 UstG.<\/strong><\/p><\/div>\t\t\t\t\t\t\t\t<\/div>\n\t\t\t\t<\/div>\n\t\t\t\t<div class=\"elementor-element elementor-element-e5b2925 elementor-widget-divider--view-line elementor-widget elementor-widget-divider\" data-id=\"e5b2925\" data-element_type=\"widget\" data-e-type=\"widget\" data-widget_type=\"divider.default\">\n\t\t\t\t<div class=\"elementor-widget-container\">\n\t\t\t\t\t\t\t<div class=\"elementor-divider\">\n\t\t\t<span class=\"elementor-divider-separator\">\n\t\t\t\t\t\t<\/span>\n\t\t<\/div>\n\t\t\t\t\t\t<\/div>\n\t\t\t\t<\/div>\n\t\t\t\t<div class=\"elementor-element elementor-element-9849d8d elementor-widget elementor-widget-text-editor\" data-id=\"9849d8d\" data-element_type=\"widget\" data-e-type=\"widget\" data-widget_type=\"text-editor.default\">\n\t\t\t\t<div class=\"elementor-widget-container\">\n\t\t\t\t\t\t\t\t\t<div class=\"contentrow\"><div class=\"boxedrow contactrow\"><div class=\"fit-box\"><div class=\"left fit-left\"><p><strong style=\"color: var( --e-global-color-secondary ); font-family: var( --e-global-typography-text-font-family ), Sans-serif; text-align: var(--text-align); font-size: 1rem;\"><span style=\"color: #dc3700;\">VORMALS:<\/span><br \/><\/strong>F\u00fcr meine <strong>alten Bestandskunden<\/strong> und f\u00fcr <strong>Beh\u00f6rden<\/strong> habe ich <strong>zwecks Nachvollziehbarkeit und R\u00fcckverfolgbarkeit<\/strong> in dieser Sektion meine <strong>vormaligen Angaben<\/strong> stehen lassen \u2013 allerdings verbunden mit dem Hinweis, dass dieses Impressum <strong>NICHT<\/strong> mehr g\u00fcltig ist (siehe KEnC Ventures GmbH oben).<\/p><p>Ralf G.J. Knoll<br \/>Jahnstr. 18<br \/>85406 Zolling<br \/>Deutschland \/ Germany<\/p><p>Phone: \u2003\u2003 +49 8167 \/ 69 61 \u2013 20<br \/>Fax:\u2003\u2003\u2003\u2003 +49 8167 \/ 69 61 &#8211; 21<br \/>Mobile:\u2003\u2003\u2003 +49 179 \/ 62 16 \u2013 781<br \/>Office:\u2003\u2003\u2003 <a href=\"mailto:info@knoll-engineering.de\">info@knoll-engineering.de<\/a><br \/>Person:\u2003\u2003\u2002 <a href=\"mailto:rk@knoll-engineering.de\">rk@knoll-engineering.de<\/a><\/p><p>Exakte Rechnungs-Adresse bzw. Schreibweise f\u00fcr ausl\u00e4ndische EU-Kunden, die \u00fcber die Eingabemaske beim Bundeszentralamts f\u00fcr Steuern (BZSt) die VATIN (<a title=\"VATIN\" href=\"https:\/\/en.wikipedia.org\/wiki\/VAT_identification_number\" target=\"_blank\" rel=\"noopener\">VATIN<\/a>) <strong>validieren<\/strong> wollen:<\/p><p>Ralf Knoll<br \/>Jahnstr. 18<br \/>85406 Zolling<br \/>Germany<\/p><p>VATIN \/ VAT Reg No \/ VAT no \/ UID \/ USt.-IdNr.: <b>DE221495558<\/b><\/p><\/div><\/div><\/div><\/div>\t\t\t\t\t\t\t\t<\/div>\n\t\t\t\t<\/div>\n\t\t\t\t\t<\/div>\n\t\t\t\t<\/div>\n\t\t<div class=\"elementor-element elementor-element-a4fba0b e-flex e-con-boxed e-con e-parent\" data-id=\"a4fba0b\" data-element_type=\"container\" data-e-type=\"container\">\n\t\t\t\t\t<div class=\"e-con-inner\">\n\t\t\t\t<div class=\"elementor-element elementor-element-cd34edd elementor-widget-divider--view-line elementor-widget elementor-widget-divider\" data-id=\"cd34edd\" data-element_type=\"widget\" data-e-type=\"widget\" data-widget_type=\"divider.default\">\n\t\t\t\t<div class=\"elementor-widget-container\">\n\t\t\t\t\t\t\t<div class=\"elementor-divider\">\n\t\t\t<span class=\"elementor-divider-separator\">\n\t\t\t\t\t\t<\/span>\n\t\t<\/div>\n\t\t\t\t\t\t<\/div>\n\t\t\t\t<\/div>\n\t\t\t\t<div class=\"elementor-element elementor-element-b01357b elementor-widget elementor-widget-heading\" data-id=\"b01357b\" data-element_type=\"widget\" data-e-type=\"widget\" data-widget_type=\"heading.default\">\n\t\t\t\t<div class=\"elementor-widget-container\">\n\t\t\t\t\t<h2 class=\"elementor-heading-title elementor-size-default\">Notice of liability<\/h2>\t\t\t\t<\/div>\n\t\t\t\t<\/div>\n\t\t\t\t<div class=\"elementor-element elementor-element-0df73ce elementor-widget elementor-widget-text-editor\" data-id=\"0df73ce\" data-element_type=\"widget\" data-e-type=\"widget\" data-widget_type=\"text-editor.default\">\n\t\t\t\t<div class=\"elementor-widget-container\">\n\t\t\t\t\t\t\t\t\t<p>Despite careful content control, we assume no liability for the content of external links. For the content of linked pages their operators are responsible exclusively.<\/p><p>The used names, terms, symbols, and graphics can be brands or trademarks owned by their legal owners. The rights of all mentioned and used brands and trademarks belong to their owners exclusively.<\/p>\t\t\t\t\t\t\t\t<\/div>\n\t\t\t\t<\/div>\n\t\t\t\t\t<\/div>\n\t\t\t\t<\/div>\n\t\t\t\t<\/div>","protected":false},"excerpt":{"rendered":"<p>IMPRESSUM: KNOLL &#8211; ENGINEERING &amp; CONSULTING Kontakt \/ Adresse NEU seit 16.08.2022:Meine hier genannte\u00a0 Freiberuflichkeit wurde per Umwandlungssteuergesetz (UmwStG) am 16.08.2022 in die KEnC Ventures GmbH \u201eeingebracht\u201c.D.h. mit anderen Worten, diese Freiberuflichkeit existiert NICHT mehr \u2013 die\u00a0offizielle Rechtsnachfolgerin\u00a0ist die Kapitalgesellschaft KEnC Ventures GmbH.Weil ich\u00a0nach mehr als 22 Jahren Selbstst\u00e4ndigkeit, ausgerechnet die Website, mit der ich [&hellip;]<\/p>\n","protected":false},"author":1,"featured_media":0,"parent":0,"menu_order":0,"comment_status":"closed","ping_status":"closed","template":"","meta":{"footnotes":""},"class_list":["post-119","page","type-page","status-publish","hentry"],"_links":{"self":[{"href":"https:\/\/knoll-engineering.de\/en\/wp-json\/wp\/v2\/pages\/119","targetHints":{"allow":["GET"]}}],"collection":[{"href":"https:\/\/knoll-engineering.de\/en\/wp-json\/wp\/v2\/pages"}],"about":[{"href":"https:\/\/knoll-engineering.de\/en\/wp-json\/wp\/v2\/types\/page"}],"author":[{"embeddable":true,"href":"https:\/\/knoll-engineering.de\/en\/wp-json\/wp\/v2\/users\/1"}],"replies":[{"embeddable":true,"href":"https:\/\/knoll-engineering.de\/en\/wp-json\/wp\/v2\/comments?post=119"}],"version-history":[{"count":79,"href":"https:\/\/knoll-engineering.de\/en\/wp-json\/wp\/v2\/pages\/119\/revisions"}],"predecessor-version":[{"id":268,"href":"https:\/\/knoll-engineering.de\/en\/wp-json\/wp\/v2\/pages\/119\/revisions\/268"}],"wp:attachment":[{"href":"https:\/\/knoll-engineering.de\/en\/wp-json\/wp\/v2\/media?parent=119"}],"curies":[{"name":"wp","href":"https:\/\/api.w.org\/{rel}","templated":true}]}}